{"id":567,"date":"2024-06-27T13:22:02","date_gmt":"2024-06-27T11:22:02","guid":{"rendered":"https:\/\/psychomot-dardilly.fr\/?page_id=567"},"modified":"2024-06-27T13:27:51","modified_gmt":"2024-06-27T11:27:51","slug":"confidentialite","status":"publish","type":"page","link":"https:\/\/psychomot-dardilly.fr\/index.php\/confidentialite\/","title":{"rendered":"Confidentialit\u00e9"},"content":{"rendered":"\t\t<div data-elementor-type=\"wp-page\" data-elementor-id=\"567\" class=\"elementor elementor-567\">\n\t\t\t\t\t\t<section class=\"elementor-section elementor-top-section elementor-element elementor-element-5a90375 elementor-section-boxed elementor-section-height-default elementor-section-height-default\" data-id=\"5a90375\" data-element_type=\"section\">\n\t\t\t\t\t\t<div class=\"elementor-container elementor-column-gap-default\">\n\t\t\t\t\t<div class=\"elementor-column elementor-col-100 elementor-top-column elementor-element elementor-element-a77733d\" data-id=\"a77733d\" data-element_type=\"column\">\n\t\t\t<div class=\"elementor-widget-wrap elementor-element-populated\">\n\t\t\t\t\t\t<div class=\"elementor-element elementor-element-d14daa5 elementor-widget elementor-widget-text-editor\" data-id=\"d14daa5\" data-element_type=\"widget\" data-widget_type=\"text-editor.default\">\n\t\t\t\t<div class=\"elementor-widget-container\">\n\t\t\t<style>\/*! elementor - v3.22.0 - 26-06-2024 *\/\n.elementor-widget-text-editor.elementor-drop-cap-view-stacked .elementor-drop-cap{background-color:#69727d;color:#fff}.elementor-widget-text-editor.elementor-drop-cap-view-framed .elementor-drop-cap{color:#69727d;border:3px solid;background-color:transparent}.elementor-widget-text-editor:not(.elementor-drop-cap-view-default) .elementor-drop-cap{margin-top:8px}.elementor-widget-text-editor:not(.elementor-drop-cap-view-default) .elementor-drop-cap-letter{width:1em;height:1em}.elementor-widget-text-editor .elementor-drop-cap{float:left;text-align:center;line-height:1;font-size:50px}.elementor-widget-text-editor .elementor-drop-cap-letter{display:inline-block}<\/style>\t\t\t\t<h4 style=\"text-align: left;\">1. Collecte de donn\u00e9es personnelles<\/h4><p>Nous collectons certaines informations personnelles directement aupr\u00e8s de vous lorsque vous visitez notre site. Les types de donn\u00e9es personnelles que nous pouvons collecter incluent par exemple le type de mat\u00e9riel que vous utilisez pour consulter notre site.<\/p><h4 style=\"text-align: left;\">2. Utilisation des donn\u00e9es personnelles<\/h4><p>Nous utilisons les donn\u00e9es personnelles collect\u00e9es pour am\u00e9liorer l\u2019exp\u00e9rience clients des visiteurs de notre site.<\/p><h4 style=\"text-align: left;\">3. Conservation des donn\u00e9es<\/h4><p>Nous conservons les donn\u00e9es personnelles aussi longtemps que n\u00e9cessaire pour atteindre les objectifs pour lesquels elles ont \u00e9t\u00e9 collect\u00e9es, sauf si une p\u00e9riode de conservation plus longue est requise ou autoris\u00e9e par la loi.<\/p><h4 style=\"text-align: left;\">4. S\u00e9curit\u00e9 des donn\u00e9es<\/h4><p>Nous mettons en place des mesures de s\u00e9curit\u00e9 appropri\u00e9es pour prot\u00e9ger vos donn\u00e9es personnelles contre tout acc\u00e8s non autoris\u00e9, toute divulgation, toute alt\u00e9ration ou toute destruction non autoris\u00e9e.<\/p><h4 style=\"text-align: left;\">5. Partage des donn\u00e9es personnelles<\/h4><p>Nous ne vendons, n&rsquo;\u00e9changeons ni ne louons vos donn\u00e9es personnelles \u00e0 des tiers sans votre consentement. Cependant, nous pouvons partager vos informations avec [partenaires commerciaux, fournisseurs de services, etc.] dans le cadre des op\u00e9rations normales de notre entreprise.<\/p><h4 style=\"text-align: left;\">6. Cookies<\/h4><p>Nous utilisons des cookies pour [expliquer la finalit\u00e9 de l&rsquo;utilisation des cookies, par exemple, am\u00e9lioration de l&rsquo;exp\u00e9rience utilisateur, analyse du trafic, etc.]. En utilisant notre site, vous consentez \u00e0 l&rsquo;utilisation de cookies conform\u00e9ment \u00e0 notre politique de cookies.<\/p><h4 style=\"text-align: left;\">7. Vos droits<\/h4><p>Vous avez le droit d&rsquo;acc\u00e9der \u00e0 vos donn\u00e9es personnelles, de les rectifier, de les supprimer et de vous opposer \u00e0 leur traitement. Pour exercer ces droits, veuillez nous contacter \u00e0 c.sirot@psychomot-dardilly.fr<\/p><h4 style=\"text-align: left;\">8. Modifications de la politique de confidentialit\u00e9<\/h4><p>Nous nous r\u00e9servons le droit de modifier cette politique de confidentialit\u00e9 \u00e0 tout moment. Les modifications seront publi\u00e9es sur cette page avec une indication de la date de la derni\u00e8re mise \u00e0 jour.<\/p><h4 style=\"text-align: left;\">9. Contact<\/h4><p>Pour toute question ou pr\u00e9occupation concernant notre politique de confidentialit\u00e9, veuillez nous contacter \u00e0 c.sirot@psychomot-dardilly.fr<\/p>\t\t\t\t\t\t<\/div>\n\t\t\t\t<\/div>\n\t\t\t\t\t<\/div>\n\t\t<\/div>\n\t\t\t\t\t<\/div>\n\t\t<\/section>\n\t\t\t\t<\/div>\n\t\t","protected":false},"excerpt":{"rendered":"<p>1. Collecte de donn\u00e9es personnelles Nous collectons certaines informations personnelles directement aupr\u00e8s de vous lorsque vous visitez notre site. Les types de donn\u00e9es personnelles que nous pouvons collecter incluent par &hellip; <\/p>\n","protected":false},"author":1,"featured_media":0,"parent":0,"menu_order":0,"comment_status":"closed","ping_status":"closed","template":"","meta":{"footnotes":""},"class_list":["post-567","page","type-page","status-publish","hentry"],"_links":{"self":[{"href":"https:\/\/psychomot-dardilly.fr\/index.php\/wp-json\/wp\/v2\/pages\/567","targetHints":{"allow":["GET"]}}],"collection":[{"href":"https:\/\/psychomot-dardilly.fr\/index.php\/wp-json\/wp\/v2\/pages"}],"about":[{"href":"https:\/\/psychomot-dardilly.fr\/index.php\/wp-json\/wp\/v2\/types\/page"}],"author":[{"embeddable":true,"href":"https:\/\/psychomot-dardilly.fr\/index.php\/wp-json\/wp\/v2\/users\/1"}],"replies":[{"embeddable":true,"href":"https:\/\/psychomot-dardilly.fr\/index.php\/wp-json\/wp\/v2\/comments?post=567"}],"version-history":[{"count":7,"href":"https:\/\/psychomot-dardilly.fr\/index.php\/wp-json\/wp\/v2\/pages\/567\/revisions"}],"predecessor-version":[{"id":574,"href":"https:\/\/psychomot-dardilly.fr\/index.php\/wp-json\/wp\/v2\/pages\/567\/revisions\/574"}],"wp:attachment":[{"href":"https:\/\/psychomot-dardilly.fr\/index.php\/wp-json\/wp\/v2\/media?parent=567"}],"curies":[{"name":"wp","href":"https:\/\/api.w.org\/{rel}","templated":true}]}}