{"id":31,"date":"2024-06-25T17:38:29","date_gmt":"2024-06-25T15:38:29","guid":{"rendered":"https:\/\/psychomot-dardilly.fr\/?page_id=31"},"modified":"2024-08-05T12:26:41","modified_gmt":"2024-08-05T10:26:41","slug":"la-psychomotricite","status":"publish","type":"page","link":"https:\/\/psychomot-dardilly.fr\/index.php\/la-psychomotricite\/","title":{"rendered":"La Psychomotricit\u00e9"},"content":{"rendered":"\t\t<div data-elementor-type=\"wp-page\" data-elementor-id=\"31\" class=\"elementor elementor-31\">\n\t\t\t\t<div class=\"elementor-element elementor-element-0bcefb3 e-flex e-con-boxed e-con e-parent\" data-id=\"0bcefb3\" data-element_type=\"container\">\n\t\t\t\t\t<div class=\"e-con-inner\">\n\t\t\t\t<div class=\"elementor-element elementor-element-24406d8 elementor-widget elementor-widget-heading\" data-id=\"24406d8\" data-element_type=\"widget\" data-widget_type=\"heading.default\">\n\t\t\t\t<div class=\"elementor-widget-container\">\n\t\t\t<style>\/*! elementor - v3.22.0 - 26-06-2024 *\/\n.elementor-heading-title{padding:0;margin:0;line-height:1}.elementor-widget-heading .elementor-heading-title[class*=elementor-size-]>a{color:inherit;font-size:inherit;line-height:inherit}.elementor-widget-heading .elementor-heading-title.elementor-size-small{font-size:15px}.elementor-widget-heading .elementor-heading-title.elementor-size-medium{font-size:19px}.elementor-widget-heading .elementor-heading-title.elementor-size-large{font-size:29px}.elementor-widget-heading .elementor-heading-title.elementor-size-xl{font-size:39px}.elementor-widget-heading .elementor-heading-title.elementor-size-xxl{font-size:59px}<\/style><h1 class=\"elementor-heading-title elementor-size-default\">Qu\u2019est-ce ?<\/h1>\t\t<\/div>\n\t\t\t\t<\/div>\n\t\t\t\t\t<\/div>\n\t\t\t\t<\/div>\n\t\t<div class=\"elementor-element elementor-element-eaaa2c2 e-con-full e-flex e-con e-parent\" data-id=\"eaaa2c2\" data-element_type=\"container\">\n\t\t\t\t<div class=\"elementor-element elementor-element-4dbd2df elementor-widget elementor-widget-text-editor\" data-id=\"4dbd2df\" data-element_type=\"widget\" data-widget_type=\"text-editor.default\">\n\t\t\t\t<div class=\"elementor-widget-container\">\n\t\t\t<style>\/*! elementor - v3.22.0 - 26-06-2024 *\/\n.elementor-widget-text-editor.elementor-drop-cap-view-stacked .elementor-drop-cap{background-color:#69727d;color:#fff}.elementor-widget-text-editor.elementor-drop-cap-view-framed .elementor-drop-cap{color:#69727d;border:3px solid;background-color:transparent}.elementor-widget-text-editor:not(.elementor-drop-cap-view-default) .elementor-drop-cap{margin-top:8px}.elementor-widget-text-editor:not(.elementor-drop-cap-view-default) .elementor-drop-cap-letter{width:1em;height:1em}.elementor-widget-text-editor .elementor-drop-cap{float:left;text-align:center;line-height:1;font-size:50px}.elementor-widget-text-editor .elementor-drop-cap-letter{display:inline-block}<\/style>\t\t\t\t<p>La psychomotricit\u00e9 se base sur le lien existant entre le corps et le psychisme. L\u2019objectif principal est donc d\u2019aider la personne \u00e0 d\u00e9velopper ses aptitudes pour acqu\u00e9rir un confort int\u00e9rieur. Cela peut \u00e9galement passer par la prise de conscience et de confiance en ses comp\u00e9tences. Le travail porte sur les difficult\u00e9s retrouv\u00e9es au sein des diff\u00e9rents environnements, notamment scolaire et familial, tout en conservant un aspect ludique et r\u00e9cr\u00e9atif. Finalement, le psychomotricien consid\u00e8re l\u2019individu dans sa globalit\u00e9 en jouant un r\u00f4le dans les actes de pr\u00e9vention, de d\u00e9pistage, de r\u00e9\u00e9ducation et de r\u00e9adaptation (d\u00e9cret de comp\u00e9tence n\u00b088-659 du 6 Mai 1988).<\/p>\t\t\t\t\t\t<\/div>\n\t\t\t\t<\/div>\n\t\t\t\t<\/div>\n\t\t<div class=\"elementor-element elementor-element-44695e3 e-flex e-con-boxed e-con e-parent\" data-id=\"44695e3\" data-element_type=\"container\">\n\t\t\t\t\t<div class=\"e-con-inner\">\n\t\t\t\t<div class=\"elementor-element elementor-element-7f5c2bd elementor-widget elementor-widget-heading\" data-id=\"7f5c2bd\" data-element_type=\"widget\" data-widget_type=\"heading.default\">\n\t\t\t\t<div class=\"elementor-widget-container\">\n\t\t\t<h1 class=\"elementor-heading-title elementor-size-default\">Pour qui ?<\/h1>\t\t<\/div>\n\t\t\t\t<\/div>\n\t\t\t\t\t<\/div>\n\t\t\t\t<\/div>\n\t\t<div class=\"elementor-element elementor-element-f54277c e-con-full e-flex e-con e-parent\" data-id=\"f54277c\" data-element_type=\"container\">\n\t\t\t\t<div class=\"elementor-element elementor-element-abb9574 elementor-widget elementor-widget-text-editor\" data-id=\"abb9574\" data-element_type=\"widget\" data-widget_type=\"text-editor.default\">\n\t\t\t\t<div class=\"elementor-widget-container\">\n\t\t\t\t\t\t\t<p>La th\u00e9rapie psychomotrice s\u2019adresse \u00e0 tous les \u00e2ges de la vie. En effet, le psychomotricien accompagne toute personne rencontrant des difficult\u00e9s dans son d\u00e9veloppement. Il peut intervenir aupr\u00e8s du b\u00e9b\u00e9, du jeune enfant, de l\u2019adolescent, de l\u2019adulte ou encore de la personne \u00e2g\u00e9e.<\/p>\t\t\t\t\t\t<\/div>\n\t\t\t\t<\/div>\n\t\t\t\t<\/div>\n\t\t<div class=\"elementor-element elementor-element-fe5b7bf e-flex e-con-boxed e-con e-parent\" data-id=\"fe5b7bf\" data-element_type=\"container\">\n\t\t\t\t\t<div class=\"e-con-inner\">\n\t\t\t\t<div class=\"elementor-element elementor-element-6d69ee6 elementor-widget elementor-widget-heading\" data-id=\"6d69ee6\" data-element_type=\"widget\" data-widget_type=\"heading.default\">\n\t\t\t\t<div class=\"elementor-widget-container\">\n\t\t\t<h1 class=\"elementor-heading-title elementor-size-default\">Pourquoi ?<\/h1>\t\t<\/div>\n\t\t\t\t<\/div>\n\t\t\t\t\t<\/div>\n\t\t\t\t<\/div>\n\t\t<div class=\"elementor-element elementor-element-42a91c3 e-con-full e-flex e-con e-parent\" data-id=\"42a91c3\" data-element_type=\"container\">\n\t\t\t\t<div class=\"elementor-element elementor-element-8215006 elementor-widget elementor-widget-text-editor\" data-id=\"8215006\" data-element_type=\"widget\" data-widget_type=\"text-editor.default\">\n\t\t\t\t<div class=\"elementor-widget-container\">\n\t\t\t\t\t\t\t<p>Les fonctions psychomotrices pouvant \u00eatre impact\u00e9es sont multiples : motricit\u00e9 globale (\u00e9quilibre, coordination, dissociation), motricit\u00e9 fine (dext\u00e9rit\u00e9 manuelle, graphomotricit\u00e9), sch\u00e9ma corporel et image du corps, lat\u00e9ralit\u00e9, tonus, posture, organisation spatio-temporelle, fonctions ex\u00e9cutives (m\u00e9moire, planification, attention), relations sociales et gestion des \u00e9motions. Pour toute indication, les soins propos\u00e9s tendent \u00e0 r\u00e9duire les dysfonctionnements qui peuvent s\u2019inscrire de mani\u00e8re temporaire ou \u00eatre rattach\u00e9s \u00e0 un trouble.<\/p>\t\t\t\t\t\t<\/div>\n\t\t\t\t<\/div>\n\t\t\t\t<\/div>\n\t\t<div class=\"elementor-element elementor-element-45850de e-flex e-con-boxed e-con e-parent\" data-id=\"45850de\" data-element_type=\"container\">\n\t\t\t\t\t<div class=\"e-con-inner\">\n\t\t\t\t<div class=\"elementor-element elementor-element-a8c97c3 elementor-widget elementor-widget-heading\" data-id=\"a8c97c3\" data-element_type=\"widget\" data-widget_type=\"heading.default\">\n\t\t\t\t<div class=\"elementor-widget-container\">\n\t\t\t<h1 class=\"elementor-heading-title elementor-size-default\">Comment ?<\/h1>\t\t<\/div>\n\t\t\t\t<\/div>\n\t\t\t\t\t<\/div>\n\t\t\t\t<\/div>\n\t\t<div class=\"elementor-element elementor-element-6b5b375 e-con-full e-flex e-con e-parent\" data-id=\"6b5b375\" data-element_type=\"container\">\n\t\t\t\t<div class=\"elementor-element elementor-element-ee31c99 elementor-widget elementor-widget-text-editor\" data-id=\"ee31c99\" data-element_type=\"widget\" data-widget_type=\"text-editor.default\">\n\t\t\t\t<div class=\"elementor-widget-container\">\n\t\t\t\t\t\t\t<p>La mise en place d\u2019un accompagnement en psychomotricit\u00e9 d\u00e9bute par la r\u00e9alisation d\u2019un bilan comprenant une anamn\u00e8se, la passation d\u2019\u00e9preuves standardis\u00e9es, la restitution des observations ainsi que la r\u00e9daction du compte rendu \u00e9crit. Selon les besoins, des s\u00e9ances peuvent ensuite \u00eatre programm\u00e9es. Le psychomotricien peut \u00e9galement \u00eatre amen\u00e9 \u00e0 orienter la famille vers un autre sp\u00e9cialiste afin de r\u00e9aliser des examens compl\u00e9mentaires. A noter que l\u2019ensemble de ces \u00e9tapes s\u2019effectue sur prescription m\u00e9dicale mais aussi en collaboration avec le patient et sa famille.<\/p><p>Avant d\u2019utiliser des m\u00e9diations, le professionnel instaure un lien de confiance avec le patient dans le but de l\u2019\u00e9tayer \u00e0 d\u00e9velopper ses aptitudes dans un environnement s\u00e9cure. Le jeu est un \u00e9l\u00e9ment central des prises en soins qui peut \u00eatre inclut \u00e0 travers des activit\u00e9s sportives, artistiques, corporelles ou encore par le biais de relaxations ou d\u2019approches sensorielles. En parall\u00e8le, des techniques de r\u00e9\u00e9ducation peuvent \u00eatre utilis\u00e9es pour pallier les difficult\u00e9s per\u00e7ues.<\/p>\t\t\t\t\t\t<\/div>\n\t\t\t\t<\/div>\n\t\t\t\t<\/div>\n\t\t\t\t<\/div>\n\t\t","protected":false},"excerpt":{"rendered":"<p>Qu\u2019est-ce ? La psychomotricit\u00e9 se base sur le lien existant entre le corps et le psychisme. L\u2019objectif principal est donc d\u2019aider la personne \u00e0 d\u00e9velopper ses aptitudes pour acqu\u00e9rir un &hellip; <\/p>\n","protected":false},"author":1,"featured_media":0,"parent":0,"menu_order":0,"comment_status":"closed","ping_status":"closed","template":"","meta":{"footnotes":""},"class_list":["post-31","page","type-page","status-publish","hentry"],"_links":{"self":[{"href":"https:\/\/psychomot-dardilly.fr\/index.php\/wp-json\/wp\/v2\/pages\/31","targetHints":{"allow":["GET"]}}],"collection":[{"href":"https:\/\/psychomot-dardilly.fr\/index.php\/wp-json\/wp\/v2\/pages"}],"about":[{"href":"https:\/\/psychomot-dardilly.fr\/index.php\/wp-json\/wp\/v2\/types\/page"}],"author":[{"embeddable":true,"href":"https:\/\/psychomot-dardilly.fr\/index.php\/wp-json\/wp\/v2\/users\/1"}],"replies":[{"embeddable":true,"href":"https:\/\/psychomot-dardilly.fr\/index.php\/wp-json\/wp\/v2\/comments?post=31"}],"version-history":[{"count":34,"href":"https:\/\/psychomot-dardilly.fr\/index.php\/wp-json\/wp\/v2\/pages\/31\/revisions"}],"predecessor-version":[{"id":788,"href":"https:\/\/psychomot-dardilly.fr\/index.php\/wp-json\/wp\/v2\/pages\/31\/revisions\/788"}],"wp:attachment":[{"href":"https:\/\/psychomot-dardilly.fr\/index.php\/wp-json\/wp\/v2\/media?parent=31"}],"curies":[{"name":"wp","href":"https:\/\/api.w.org\/{rel}","templated":true}]}}